{"id":3502,"date":"2018-04-12T11:08:00","date_gmt":"2018-04-12T10:08:00","guid":{"rendered":"https:\/\/www.odontia.fr\/nos-engagements\/"},"modified":"2019-11-08T17:25:29","modified_gmt":"2019-11-08T16:25:29","slug":"nuestros-compromisos","status":"publish","type":"page","link":"https:\/\/www.odontia.fr\/es\/nuestros-compromisos\/","title":{"rendered":"NUESTROS COMPROMISOS"},"content":{"rendered":"","protected":false},"excerpt":{"rendered":"","protected":false},"author":7,"featured_media":0,"parent":0,"menu_order":0,"comment_status":"open","ping_status":"closed","template":"","meta":{"footnotes":""},"class_list":["post-3502","page","type-page","status-publish","hentry"],"yoast_head":"<!-- This site is optimized with the Yoast SEO plugin v25.4 - https:\/\/yoast.com\/wordpress\/plugins\/seo\/ -->\n<title>NUESTROS COMPROMISOS - Cl\u00ednica Odontia - Odont\u00f3logo BURDEOS<\/title>\n<meta name=\"description\" content=\"Nuestra estructura cl\u00ednica est\u00e1 dedicada exclusivamente a la Periodoncia y al Tratamiento de Implantes. - Dentista en Burdeos\" \/>\n<meta name=\"robots\" content=\"index, follow, max-snippet:-1, max-image-preview:large, max-video-preview:-1\" \/>\n<link rel=\"canonical\" href=\"https:\/\/www.odontia.fr\/es\/nuestros-compromisos\/\" \/>\n<meta property=\"og:locale\" content=\"es_ES\" \/>\n<meta property=\"og:type\" content=\"article\" \/>\n<meta property=\"og:title\" content=\"NUESTROS COMPROMISOS - Cl\u00ednica Odontia - Odont\u00f3logo BURDEOS\" \/>\n<meta property=\"og:description\" content=\"Nuestra estructura cl\u00ednica est\u00e1 dedicada exclusivamente a la Periodoncia y al Tratamiento de Implantes. - Dentista en Burdeos\" \/>\n<meta property=\"og:url\" content=\"https:\/\/www.odontia.fr\/es\/nuestros-compromisos\/\" \/>\n<meta property=\"og:site_name\" content=\"Clinique dentaire Odontia\" \/>\n<meta property=\"article:modified_time\" content=\"2019-11-08T16:25:29+00:00\" \/>\n<meta name=\"twitter:card\" content=\"summary_large_image\" \/>\n<script type=\"application\/ld+json\" class=\"yoast-schema-graph\">{\"@context\":\"https:\/\/schema.org\",\"@graph\":[{\"@type\":\"WebPage\",\"@id\":\"https:\/\/www.odontia.fr\/es\/nuestros-compromisos\/\",\"url\":\"https:\/\/www.odontia.fr\/es\/nuestros-compromisos\/\",\"name\":\"NUESTROS COMPROMISOS - Cl\u00ednica Odontia - Odont\u00f3logo BURDEOS\",\"isPartOf\":{\"@id\":\"https:\/\/www.odontia.fr\/es\/#website\"},\"datePublished\":\"2018-04-12T10:08:00+00:00\",\"dateModified\":\"2019-11-08T16:25:29+00:00\",\"description\":\"Nuestra estructura cl\u00ednica est\u00e1 dedicada exclusivamente a la Periodoncia y al Tratamiento de Implantes. - Dentista en Burdeos\",\"breadcrumb\":{\"@id\":\"https:\/\/www.odontia.fr\/es\/nuestros-compromisos\/#breadcrumb\"},\"inLanguage\":\"es\",\"potentialAction\":[{\"@type\":\"ReadAction\",\"target\":[\"https:\/\/www.odontia.fr\/es\/nuestros-compromisos\/\"]}]},{\"@type\":\"BreadcrumbList\",\"@id\":\"https:\/\/www.odontia.fr\/es\/nuestros-compromisos\/#breadcrumb\",\"itemListElement\":[{\"@type\":\"ListItem\",\"position\":1,\"name\":\"Accueil\",\"item\":\"https:\/\/www.odontia.fr\/es\/\"},{\"@type\":\"ListItem\",\"position\":2,\"name\":\"NUESTROS COMPROMISOS\"}]},{\"@type\":\"WebSite\",\"@id\":\"https:\/\/www.odontia.fr\/es\/#website\",\"url\":\"https:\/\/www.odontia.fr\/es\/\",\"name\":\"Clinique dentaire Odontia\",\"description\":\"Chirurgiens dentistes Bordeaux pratiquent l&#039;implantologie dentaire, la parodontologie, la chirurgie pr\u00e9-implantaire\",\"potentialAction\":[{\"@type\":\"SearchAction\",\"target\":{\"@type\":\"EntryPoint\",\"urlTemplate\":\"https:\/\/www.odontia.fr\/es\/?s={search_term_string}\"},\"query-input\":{\"@type\":\"PropertyValueSpecification\",\"valueRequired\":true,\"valueName\":\"search_term_string\"}}],\"inLanguage\":\"es\"}]}<\/script>\n<!-- \/ Yoast SEO plugin. -->","yoast_head_json":{"title":"NUESTROS COMPROMISOS - Cl\u00ednica Odontia - Odont\u00f3logo BURDEOS","description":"Nuestra estructura cl\u00ednica est\u00e1 dedicada exclusivamente a la Periodoncia y al Tratamiento de Implantes. - Dentista en Burdeos","robots":{"index":"index","follow":"follow","max-snippet":"max-snippet:-1","max-image-preview":"max-image-preview:large","max-video-preview":"max-video-preview:-1"},"canonical":"https:\/\/www.odontia.fr\/es\/nuestros-compromisos\/","og_locale":"es_ES","og_type":"article","og_title":"NUESTROS COMPROMISOS - Cl\u00ednica Odontia - Odont\u00f3logo BURDEOS","og_description":"Nuestra estructura cl\u00ednica est\u00e1 dedicada exclusivamente a la Periodoncia y al Tratamiento de Implantes. - Dentista en Burdeos","og_url":"https:\/\/www.odontia.fr\/es\/nuestros-compromisos\/","og_site_name":"Clinique dentaire Odontia","article_modified_time":"2019-11-08T16:25:29+00:00","twitter_card":"summary_large_image","schema":{"@context":"https:\/\/schema.org","@graph":[{"@type":"WebPage","@id":"https:\/\/www.odontia.fr\/es\/nuestros-compromisos\/","url":"https:\/\/www.odontia.fr\/es\/nuestros-compromisos\/","name":"NUESTROS COMPROMISOS - Cl\u00ednica Odontia - Odont\u00f3logo BURDEOS","isPartOf":{"@id":"https:\/\/www.odontia.fr\/es\/#website"},"datePublished":"2018-04-12T10:08:00+00:00","dateModified":"2019-11-08T16:25:29+00:00","description":"Nuestra estructura cl\u00ednica est\u00e1 dedicada exclusivamente a la Periodoncia y al Tratamiento de Implantes. - Dentista en Burdeos","breadcrumb":{"@id":"https:\/\/www.odontia.fr\/es\/nuestros-compromisos\/#breadcrumb"},"inLanguage":"es","potentialAction":[{"@type":"ReadAction","target":["https:\/\/www.odontia.fr\/es\/nuestros-compromisos\/"]}]},{"@type":"BreadcrumbList","@id":"https:\/\/www.odontia.fr\/es\/nuestros-compromisos\/#breadcrumb","itemListElement":[{"@type":"ListItem","position":1,"name":"Accueil","item":"https:\/\/www.odontia.fr\/es\/"},{"@type":"ListItem","position":2,"name":"NUESTROS COMPROMISOS"}]},{"@type":"WebSite","@id":"https:\/\/www.odontia.fr\/es\/#website","url":"https:\/\/www.odontia.fr\/es\/","name":"Clinique dentaire Odontia","description":"Chirurgiens dentistes Bordeaux pratiquent l&#039;implantologie dentaire, la parodontologie, la chirurgie pr\u00e9-implantaire","potentialAction":[{"@type":"SearchAction","target":{"@type":"EntryPoint","urlTemplate":"https:\/\/www.odontia.fr\/es\/?s={search_term_string}"},"query-input":{"@type":"PropertyValueSpecification","valueRequired":true,"valueName":"search_term_string"}}],"inLanguage":"es"}]}},"_links":{"self":[{"href":"https:\/\/www.odontia.fr\/es\/wp-json\/wp\/v2\/pages\/3502"}],"collection":[{"href":"https:\/\/www.odontia.fr\/es\/wp-json\/wp\/v2\/pages"}],"about":[{"href":"https:\/\/www.odontia.fr\/es\/wp-json\/wp\/v2\/types\/page"}],"author":[{"embeddable":true,"href":"https:\/\/www.odontia.fr\/es\/wp-json\/wp\/v2\/users\/7"}],"replies":[{"embeddable":true,"href":"https:\/\/www.odontia.fr\/es\/wp-json\/wp\/v2\/comments?post=3502"}],"version-history":[{"count":0,"href":"https:\/\/www.odontia.fr\/es\/wp-json\/wp\/v2\/pages\/3502\/revisions"}],"wp:attachment":[{"href":"https:\/\/www.odontia.fr\/es\/wp-json\/wp\/v2\/media?parent=3502"}],"curies":[{"name":"wp","href":"https:\/\/api.w.org\/{rel}","templated":true}]}}