{"id":3532,"date":"2018-04-12T16:06:55","date_gmt":"2018-04-12T15:06:55","guid":{"rendered":"https:\/\/www.odontia.fr\/equipo-profesional-clinica-dental-burdeos\/docteur-benoit-chanseau\/"},"modified":"2019-11-08T12:05:22","modified_gmt":"2019-11-08T11:05:22","slug":"dr-benoit-chanseau","status":"publish","type":"page","link":"https:\/\/www.odontia.fr\/es\/equipo-profesional-clinica-dental-burdeos-2\/dr-benoit-chanseau\/","title":{"rendered":"Dr. Beno\u00eet Chanseau"},"content":{"rendered":"","protected":false},"excerpt":{"rendered":"","protected":false},"author":7,"featured_media":0,"parent":3523,"menu_order":0,"comment_status":"closed","ping_status":"closed","template":"","meta":{"footnotes":""},"class_list":["post-3532","page","type-page","status-publish","hentry"],"yoast_head":"<!-- This site is optimized with the Yoast SEO plugin v25.4 - https:\/\/yoast.com\/wordpress\/plugins\/seo\/ -->\n<title>Odont\u00f3logo Burdeos, Doctor Beno\u00eet Chanseau - Periodoncia Burdeos<\/title>\n<meta name=\"description\" content=\"Odont\u00f3logo Burdeos - El Doctor Beno\u00eet Chanseau practica todos los servicios dentales: Implantolog\u00eda dental, la periodoncia...Periodoncia Burdeos\" \/>\n<meta name=\"robots\" content=\"index, follow, max-snippet:-1, max-image-preview:large, max-video-preview:-1\" \/>\n<link rel=\"canonical\" href=\"https:\/\/www.odontia.fr\/es\/equipo-profesional-clinica-dental-burdeos-2\/dr-benoit-chanseau\/\" \/>\n<meta property=\"og:locale\" content=\"es_ES\" \/>\n<meta property=\"og:type\" content=\"article\" \/>\n<meta property=\"og:title\" content=\"Odont\u00f3logo Burdeos, Doctor Beno\u00eet Chanseau - Periodoncia Burdeos\" \/>\n<meta property=\"og:description\" content=\"Odont\u00f3logo Burdeos - El Doctor Beno\u00eet Chanseau practica todos los servicios dentales: Implantolog\u00eda dental, la periodoncia...Periodoncia Burdeos\" \/>\n<meta property=\"og:url\" content=\"https:\/\/www.odontia.fr\/es\/equipo-profesional-clinica-dental-burdeos-2\/dr-benoit-chanseau\/\" \/>\n<meta property=\"og:site_name\" content=\"Clinique dentaire Odontia\" \/>\n<meta property=\"article:modified_time\" content=\"2019-11-08T11:05:22+00:00\" \/>\n<meta name=\"twitter:card\" content=\"summary_large_image\" \/>\n<script type=\"application\/ld+json\" class=\"yoast-schema-graph\">{\"@context\":\"https:\/\/schema.org\",\"@graph\":[{\"@type\":\"WebPage\",\"@id\":\"https:\/\/www.odontia.fr\/es\/equipo-profesional-clinica-dental-burdeos-2\/dr-benoit-chanseau\/\",\"url\":\"https:\/\/www.odontia.fr\/es\/equipo-profesional-clinica-dental-burdeos-2\/dr-benoit-chanseau\/\",\"name\":\"Odont\u00f3logo Burdeos, Doctor Beno\u00eet Chanseau - Periodoncia Burdeos\",\"isPartOf\":{\"@id\":\"https:\/\/www.odontia.fr\/es\/#website\"},\"datePublished\":\"2018-04-12T15:06:55+00:00\",\"dateModified\":\"2019-11-08T11:05:22+00:00\",\"description\":\"Odont\u00f3logo Burdeos - El Doctor Beno\u00eet Chanseau practica todos los servicios dentales: Implantolog\u00eda dental, la periodoncia...Periodoncia Burdeos\",\"breadcrumb\":{\"@id\":\"https:\/\/www.odontia.fr\/es\/equipo-profesional-clinica-dental-burdeos-2\/dr-benoit-chanseau\/#breadcrumb\"},\"inLanguage\":\"es\",\"potentialAction\":[{\"@type\":\"ReadAction\",\"target\":[\"https:\/\/www.odontia.fr\/es\/equipo-profesional-clinica-dental-burdeos-2\/dr-benoit-chanseau\/\"]}]},{\"@type\":\"BreadcrumbList\",\"@id\":\"https:\/\/www.odontia.fr\/es\/equipo-profesional-clinica-dental-burdeos-2\/dr-benoit-chanseau\/#breadcrumb\",\"itemListElement\":[{\"@type\":\"ListItem\",\"position\":1,\"name\":\"Accueil\",\"item\":\"https:\/\/www.odontia.fr\/es\/\"},{\"@type\":\"ListItem\",\"position\":2,\"name\":\"EQUIPO PROFESIONAL\",\"item\":\"https:\/\/www.odontia.fr\/es\/equipo-profesional-clinica-dental-burdeos-2\/\"},{\"@type\":\"ListItem\",\"position\":3,\"name\":\"Dr. Beno\u00eet Chanseau\"}]},{\"@type\":\"WebSite\",\"@id\":\"https:\/\/www.odontia.fr\/es\/#website\",\"url\":\"https:\/\/www.odontia.fr\/es\/\",\"name\":\"Clinique dentaire Odontia\",\"description\":\"Chirurgiens dentistes Bordeaux pratiquent l&#039;implantologie dentaire, la parodontologie, la chirurgie pr\u00e9-implantaire\",\"potentialAction\":[{\"@type\":\"SearchAction\",\"target\":{\"@type\":\"EntryPoint\",\"urlTemplate\":\"https:\/\/www.odontia.fr\/es\/?s={search_term_string}\"},\"query-input\":{\"@type\":\"PropertyValueSpecification\",\"valueRequired\":true,\"valueName\":\"search_term_string\"}}],\"inLanguage\":\"es\"}]}<\/script>\n<!-- \/ Yoast SEO plugin. -->","yoast_head_json":{"title":"Odont\u00f3logo Burdeos, Doctor Beno\u00eet Chanseau - Periodoncia Burdeos","description":"Odont\u00f3logo Burdeos - El Doctor Beno\u00eet Chanseau practica todos los servicios dentales: Implantolog\u00eda dental, la periodoncia...Periodoncia Burdeos","robots":{"index":"index","follow":"follow","max-snippet":"max-snippet:-1","max-image-preview":"max-image-preview:large","max-video-preview":"max-video-preview:-1"},"canonical":"https:\/\/www.odontia.fr\/es\/equipo-profesional-clinica-dental-burdeos-2\/dr-benoit-chanseau\/","og_locale":"es_ES","og_type":"article","og_title":"Odont\u00f3logo Burdeos, Doctor Beno\u00eet Chanseau - Periodoncia Burdeos","og_description":"Odont\u00f3logo Burdeos - El Doctor Beno\u00eet Chanseau practica todos los servicios dentales: Implantolog\u00eda dental, la periodoncia...Periodoncia Burdeos","og_url":"https:\/\/www.odontia.fr\/es\/equipo-profesional-clinica-dental-burdeos-2\/dr-benoit-chanseau\/","og_site_name":"Clinique dentaire Odontia","article_modified_time":"2019-11-08T11:05:22+00:00","twitter_card":"summary_large_image","schema":{"@context":"https:\/\/schema.org","@graph":[{"@type":"WebPage","@id":"https:\/\/www.odontia.fr\/es\/equipo-profesional-clinica-dental-burdeos-2\/dr-benoit-chanseau\/","url":"https:\/\/www.odontia.fr\/es\/equipo-profesional-clinica-dental-burdeos-2\/dr-benoit-chanseau\/","name":"Odont\u00f3logo Burdeos, Doctor Beno\u00eet Chanseau - Periodoncia Burdeos","isPartOf":{"@id":"https:\/\/www.odontia.fr\/es\/#website"},"datePublished":"2018-04-12T15:06:55+00:00","dateModified":"2019-11-08T11:05:22+00:00","description":"Odont\u00f3logo Burdeos - El Doctor Beno\u00eet Chanseau practica todos los servicios dentales: Implantolog\u00eda dental, la periodoncia...Periodoncia Burdeos","breadcrumb":{"@id":"https:\/\/www.odontia.fr\/es\/equipo-profesional-clinica-dental-burdeos-2\/dr-benoit-chanseau\/#breadcrumb"},"inLanguage":"es","potentialAction":[{"@type":"ReadAction","target":["https:\/\/www.odontia.fr\/es\/equipo-profesional-clinica-dental-burdeos-2\/dr-benoit-chanseau\/"]}]},{"@type":"BreadcrumbList","@id":"https:\/\/www.odontia.fr\/es\/equipo-profesional-clinica-dental-burdeos-2\/dr-benoit-chanseau\/#breadcrumb","itemListElement":[{"@type":"ListItem","position":1,"name":"Accueil","item":"https:\/\/www.odontia.fr\/es\/"},{"@type":"ListItem","position":2,"name":"EQUIPO PROFESIONAL","item":"https:\/\/www.odontia.fr\/es\/equipo-profesional-clinica-dental-burdeos-2\/"},{"@type":"ListItem","position":3,"name":"Dr. Beno\u00eet Chanseau"}]},{"@type":"WebSite","@id":"https:\/\/www.odontia.fr\/es\/#website","url":"https:\/\/www.odontia.fr\/es\/","name":"Clinique dentaire Odontia","description":"Chirurgiens dentistes Bordeaux pratiquent l&#039;implantologie dentaire, la parodontologie, la chirurgie pr\u00e9-implantaire","potentialAction":[{"@type":"SearchAction","target":{"@type":"EntryPoint","urlTemplate":"https:\/\/www.odontia.fr\/es\/?s={search_term_string}"},"query-input":{"@type":"PropertyValueSpecification","valueRequired":true,"valueName":"search_term_string"}}],"inLanguage":"es"}]}},"_links":{"self":[{"href":"https:\/\/www.odontia.fr\/es\/wp-json\/wp\/v2\/pages\/3532"}],"collection":[{"href":"https:\/\/www.odontia.fr\/es\/wp-json\/wp\/v2\/pages"}],"about":[{"href":"https:\/\/www.odontia.fr\/es\/wp-json\/wp\/v2\/types\/page"}],"author":[{"embeddable":true,"href":"https:\/\/www.odontia.fr\/es\/wp-json\/wp\/v2\/users\/7"}],"replies":[{"embeddable":true,"href":"https:\/\/www.odontia.fr\/es\/wp-json\/wp\/v2\/comments?post=3532"}],"version-history":[{"count":0,"href":"https:\/\/www.odontia.fr\/es\/wp-json\/wp\/v2\/pages\/3532\/revisions"}],"up":[{"embeddable":true,"href":"https:\/\/www.odontia.fr\/es\/wp-json\/wp\/v2\/pages\/3523"}],"wp:attachment":[{"href":"https:\/\/www.odontia.fr\/es\/wp-json\/wp\/v2\/media?parent=3532"}],"curies":[{"name":"wp","href":"https:\/\/api.w.org\/{rel}","templated":true}]}}