{"id":3694,"date":"2018-04-12T11:24:41","date_gmt":"2018-04-12T10:24:41","guid":{"rendered":"https:\/\/www.odontia.fr\/nuestras-competencias\/prophylaxie-dentaire-bordeaux\/"},"modified":"2019-11-08T17:19:16","modified_gmt":"2019-11-08T16:19:16","slug":"profilaxis-burdeos","status":"publish","type":"page","link":"https:\/\/www.odontia.fr\/es\/nuestras-competencias\/profilaxis-burdeos\/","title":{"rendered":"PROFILAXIS"},"content":{"rendered":"","protected":false},"excerpt":{"rendered":"","protected":false},"author":7,"featured_media":0,"parent":3618,"menu_order":0,"comment_status":"closed","ping_status":"closed","template":"","meta":{"footnotes":""},"class_list":["post-3694","page","type-page","status-publish","hentry"],"yoast_head":"<!-- This site is optimized with the Yoast SEO plugin v25.4 - https:\/\/yoast.com\/wordpress\/plugins\/seo\/ -->\n<title>Profilaxis dental - Cl\u00ednica Dental Odontia - Odont\u00f3logo Burdeos<\/title>\n<meta name=\"description\" content=\"Profilaxis Burdeos - Nuestros odont\u00f3logo especialistas en la Cl\u00ednica Dental Odontia practican profilaxis dental, mantenimiento, paro-implantolog\u00eda, digital\" \/>\n<meta name=\"robots\" content=\"index, follow, max-snippet:-1, max-image-preview:large, max-video-preview:-1\" \/>\n<link rel=\"canonical\" href=\"https:\/\/www.odontia.fr\/es\/nuestras-competencias\/profilaxis-burdeos\/\" \/>\n<meta property=\"og:locale\" content=\"es_ES\" \/>\n<meta property=\"og:type\" content=\"article\" \/>\n<meta property=\"og:title\" content=\"Profilaxis dental - Cl\u00ednica Dental Odontia - Odont\u00f3logo Burdeos\" \/>\n<meta property=\"og:description\" content=\"Profilaxis Burdeos - Nuestros odont\u00f3logo especialistas en la Cl\u00ednica Dental Odontia practican profilaxis dental, mantenimiento, paro-implantolog\u00eda, digital\" \/>\n<meta property=\"og:url\" content=\"https:\/\/www.odontia.fr\/es\/nuestras-competencias\/profilaxis-burdeos\/\" \/>\n<meta property=\"og:site_name\" content=\"Clinique dentaire Odontia\" \/>\n<meta property=\"article:modified_time\" content=\"2019-11-08T16:19:16+00:00\" \/>\n<meta name=\"twitter:card\" content=\"summary_large_image\" \/>\n<script type=\"application\/ld+json\" class=\"yoast-schema-graph\">{\"@context\":\"https:\/\/schema.org\",\"@graph\":[{\"@type\":\"WebPage\",\"@id\":\"https:\/\/www.odontia.fr\/es\/nuestras-competencias\/profilaxis-burdeos\/\",\"url\":\"https:\/\/www.odontia.fr\/es\/nuestras-competencias\/profilaxis-burdeos\/\",\"name\":\"Profilaxis dental - Cl\u00ednica Dental Odontia - Odont\u00f3logo Burdeos\",\"isPartOf\":{\"@id\":\"https:\/\/www.odontia.fr\/es\/#website\"},\"datePublished\":\"2018-04-12T10:24:41+00:00\",\"dateModified\":\"2019-11-08T16:19:16+00:00\",\"description\":\"Profilaxis Burdeos - Nuestros odont\u00f3logo especialistas en la Cl\u00ednica Dental Odontia practican profilaxis dental, mantenimiento, paro-implantolog\u00eda, digital\",\"breadcrumb\":{\"@id\":\"https:\/\/www.odontia.fr\/es\/nuestras-competencias\/profilaxis-burdeos\/#breadcrumb\"},\"inLanguage\":\"es\",\"potentialAction\":[{\"@type\":\"ReadAction\",\"target\":[\"https:\/\/www.odontia.fr\/es\/nuestras-competencias\/profilaxis-burdeos\/\"]}]},{\"@type\":\"BreadcrumbList\",\"@id\":\"https:\/\/www.odontia.fr\/es\/nuestras-competencias\/profilaxis-burdeos\/#breadcrumb\",\"itemListElement\":[{\"@type\":\"ListItem\",\"position\":1,\"name\":\"Accueil\",\"item\":\"https:\/\/www.odontia.fr\/es\/\"},{\"@type\":\"ListItem\",\"position\":2,\"name\":\"Nuestras competencias\",\"item\":\"https:\/\/www.odontia.fr\/es\/nuestras-competencias\/\"},{\"@type\":\"ListItem\",\"position\":3,\"name\":\"PROFILAXIS\"}]},{\"@type\":\"WebSite\",\"@id\":\"https:\/\/www.odontia.fr\/es\/#website\",\"url\":\"https:\/\/www.odontia.fr\/es\/\",\"name\":\"Clinique dentaire Odontia\",\"description\":\"Chirurgiens dentistes Bordeaux pratiquent l&#039;implantologie dentaire, la parodontologie, la chirurgie pr\u00e9-implantaire\",\"potentialAction\":[{\"@type\":\"SearchAction\",\"target\":{\"@type\":\"EntryPoint\",\"urlTemplate\":\"https:\/\/www.odontia.fr\/es\/?s={search_term_string}\"},\"query-input\":{\"@type\":\"PropertyValueSpecification\",\"valueRequired\":true,\"valueName\":\"search_term_string\"}}],\"inLanguage\":\"es\"}]}<\/script>\n<!-- \/ Yoast SEO plugin. -->","yoast_head_json":{"title":"Profilaxis dental - Cl\u00ednica Dental Odontia - Odont\u00f3logo Burdeos","description":"Profilaxis Burdeos - Nuestros odont\u00f3logo especialistas en la Cl\u00ednica Dental Odontia practican profilaxis dental, mantenimiento, paro-implantolog\u00eda, digital","robots":{"index":"index","follow":"follow","max-snippet":"max-snippet:-1","max-image-preview":"max-image-preview:large","max-video-preview":"max-video-preview:-1"},"canonical":"https:\/\/www.odontia.fr\/es\/nuestras-competencias\/profilaxis-burdeos\/","og_locale":"es_ES","og_type":"article","og_title":"Profilaxis dental - Cl\u00ednica Dental Odontia - Odont\u00f3logo Burdeos","og_description":"Profilaxis Burdeos - Nuestros odont\u00f3logo especialistas en la Cl\u00ednica Dental Odontia practican profilaxis dental, mantenimiento, paro-implantolog\u00eda, digital","og_url":"https:\/\/www.odontia.fr\/es\/nuestras-competencias\/profilaxis-burdeos\/","og_site_name":"Clinique dentaire Odontia","article_modified_time":"2019-11-08T16:19:16+00:00","twitter_card":"summary_large_image","schema":{"@context":"https:\/\/schema.org","@graph":[{"@type":"WebPage","@id":"https:\/\/www.odontia.fr\/es\/nuestras-competencias\/profilaxis-burdeos\/","url":"https:\/\/www.odontia.fr\/es\/nuestras-competencias\/profilaxis-burdeos\/","name":"Profilaxis dental - Cl\u00ednica Dental Odontia - Odont\u00f3logo Burdeos","isPartOf":{"@id":"https:\/\/www.odontia.fr\/es\/#website"},"datePublished":"2018-04-12T10:24:41+00:00","dateModified":"2019-11-08T16:19:16+00:00","description":"Profilaxis Burdeos - Nuestros odont\u00f3logo especialistas en la Cl\u00ednica Dental Odontia practican profilaxis dental, mantenimiento, paro-implantolog\u00eda, digital","breadcrumb":{"@id":"https:\/\/www.odontia.fr\/es\/nuestras-competencias\/profilaxis-burdeos\/#breadcrumb"},"inLanguage":"es","potentialAction":[{"@type":"ReadAction","target":["https:\/\/www.odontia.fr\/es\/nuestras-competencias\/profilaxis-burdeos\/"]}]},{"@type":"BreadcrumbList","@id":"https:\/\/www.odontia.fr\/es\/nuestras-competencias\/profilaxis-burdeos\/#breadcrumb","itemListElement":[{"@type":"ListItem","position":1,"name":"Accueil","item":"https:\/\/www.odontia.fr\/es\/"},{"@type":"ListItem","position":2,"name":"Nuestras competencias","item":"https:\/\/www.odontia.fr\/es\/nuestras-competencias\/"},{"@type":"ListItem","position":3,"name":"PROFILAXIS"}]},{"@type":"WebSite","@id":"https:\/\/www.odontia.fr\/es\/#website","url":"https:\/\/www.odontia.fr\/es\/","name":"Clinique dentaire Odontia","description":"Chirurgiens dentistes Bordeaux pratiquent l&#039;implantologie dentaire, la parodontologie, la chirurgie pr\u00e9-implantaire","potentialAction":[{"@type":"SearchAction","target":{"@type":"EntryPoint","urlTemplate":"https:\/\/www.odontia.fr\/es\/?s={search_term_string}"},"query-input":{"@type":"PropertyValueSpecification","valueRequired":true,"valueName":"search_term_string"}}],"inLanguage":"es"}]}},"_links":{"self":[{"href":"https:\/\/www.odontia.fr\/es\/wp-json\/wp\/v2\/pages\/3694"}],"collection":[{"href":"https:\/\/www.odontia.fr\/es\/wp-json\/wp\/v2\/pages"}],"about":[{"href":"https:\/\/www.odontia.fr\/es\/wp-json\/wp\/v2\/types\/page"}],"author":[{"embeddable":true,"href":"https:\/\/www.odontia.fr\/es\/wp-json\/wp\/v2\/users\/7"}],"replies":[{"embeddable":true,"href":"https:\/\/www.odontia.fr\/es\/wp-json\/wp\/v2\/comments?post=3694"}],"version-history":[{"count":0,"href":"https:\/\/www.odontia.fr\/es\/wp-json\/wp\/v2\/pages\/3694\/revisions"}],"up":[{"embeddable":true,"href":"https:\/\/www.odontia.fr\/es\/wp-json\/wp\/v2\/pages\/3618"}],"wp:attachment":[{"href":"https:\/\/www.odontia.fr\/es\/wp-json\/wp\/v2\/media?parent=3694"}],"curies":[{"name":"wp","href":"https:\/\/api.w.org\/{rel}","templated":true}]}}